{"id":685,"date":"2025-01-15T12:06:26","date_gmt":"2025-01-15T09:06:26","guid":{"rendered":"https:\/\/senemyilmazel.av.tr\/news-from-us\/foto-galeri\/"},"modified":"2025-01-15T12:12:56","modified_gmt":"2025-01-15T09:12:56","slug":"photo-gallery","status":"publish","type":"page","link":"https:\/\/senemyilmazel.av.tr\/en\/news-from-us\/photo-gallery\/","title":{"rendered":"Photo Gallery"},"content":{"rendered":"\n\t\t<style type=\"text\/css\">\n\t\t\t#gallery-1 {\n\t\t\t\tmargin: auto;\n\t\t\t}\n\t\t\t#gallery-1 .gallery-item {\n\t\t\t\tfloat: left;\n\t\t\t\tmargin-top: 10px;\n\t\t\t\ttext-align: center;\n\t\t\t\twidth: 25%;\n\t\t\t}\n\t\t\t#gallery-1 img {\n\t\t\t\tborder: 2px solid #cfcfcf;\n\t\t\t}\n\t\t\t#gallery-1 .gallery-caption {\n\t\t\t\tmargin-left: 0;\n\t\t\t}\n\t\t\t\/* see gallery_shortcode() in wp-includes\/media.php *\/\n\t\t<\/style>\n\t\t<div id='gallery-1' class='gallery galleryid-685 gallery-columns-4 gallery-size-thumbnail'><dl class='gallery-item'>\n\t\t\t<dt class='gallery-icon portrait'>\n\t\t\t\t<a href='https:\/\/senemyilmazel.av.tr\/wp-content\/uploads\/2024\/02\/1.jpg'><img loading=\"lazy\" decoding=\"async\" width=\"150\" height=\"150\" src=\"https:\/\/senemyilmazel.av.tr\/wp-content\/uploads\/2024\/02\/1-150x150.jpg\" class=\"attachment-thumbnail size-thumbnail\" alt=\"\" \/><\/a>\n\t\t\t<\/dt><\/dl><dl class='gallery-item'>\n\t\t\t<dt class='gallery-icon portrait'>\n\t\t\t\t<a href='https:\/\/senemyilmazel.av.tr\/wp-content\/uploads\/2024\/02\/2.jpg'><img loading=\"lazy\" decoding=\"async\" width=\"150\" height=\"150\" src=\"https:\/\/senemyilmazel.av.tr\/wp-content\/uploads\/2024\/02\/2-150x150.jpg\" class=\"attachment-thumbnail size-thumbnail\" alt=\"\" \/><\/a>\n\t\t\t<\/dt><\/dl><dl class='gallery-item'>\n\t\t\t<dt class='gallery-icon portrait'>\n\t\t\t\t<a href='https:\/\/senemyilmazel.av.tr\/wp-content\/uploads\/2024\/02\/3.jpg'><img loading=\"lazy\" decoding=\"async\" width=\"150\" height=\"150\" src=\"https:\/\/senemyilmazel.av.tr\/wp-content\/uploads\/2024\/02\/3-150x150.jpg\" class=\"attachment-thumbnail size-thumbnail\" alt=\"\" \/><\/a>\n\t\t\t<\/dt><\/dl><dl class='gallery-item'>\n\t\t\t<dt class='gallery-icon portrait'>\n\t\t\t\t<a href='https:\/\/senemyilmazel.av.tr\/wp-content\/uploads\/2024\/02\/4.jpg'><img loading=\"lazy\" decoding=\"async\" width=\"150\" height=\"150\" src=\"https:\/\/senemyilmazel.av.tr\/wp-content\/uploads\/2024\/02\/4-150x150.jpg\" class=\"attachment-thumbnail size-thumbnail\" alt=\"\" \/><\/a>\n\t\t\t<\/dt><\/dl><br style=\"clear: both\" \/><dl class='gallery-item'>\n\t\t\t<dt class='gallery-icon portrait'>\n\t\t\t\t<a href='https:\/\/senemyilmazel.av.tr\/wp-content\/uploads\/2024\/02\/5.jpg'><img loading=\"lazy\" decoding=\"async\" width=\"150\" height=\"150\" src=\"https:\/\/senemyilmazel.av.tr\/wp-content\/uploads\/2024\/02\/5-150x150.jpg\" class=\"attachment-thumbnail size-thumbnail\" alt=\"\" \/><\/a>\n\t\t\t<\/dt><\/dl><dl class='gallery-item'>\n\t\t\t<dt class='gallery-icon landscape'>\n\t\t\t\t<a href='https:\/\/senemyilmazel.av.tr\/wp-content\/uploads\/2024\/02\/6.jpg'><img loading=\"lazy\" decoding=\"async\" width=\"150\" height=\"150\" src=\"https:\/\/senemyilmazel.av.tr\/wp-content\/uploads\/2024\/02\/6-150x150.jpg\" class=\"attachment-thumbnail size-thumbnail\" alt=\"\" srcset=\"https:\/\/senemyilmazel.av.tr\/wp-content\/uploads\/2024\/02\/6-150x150.jpg 150w, https:\/\/senemyilmazel.av.tr\/wp-content\/uploads\/2024\/02\/6-300x300.jpg 300w, https:\/\/senemyilmazel.av.tr\/wp-content\/uploads\/2024\/02\/6-768x768.jpg 768w, https:\/\/senemyilmazel.av.tr\/wp-content\/uploads\/2024\/02\/6.jpg 960w\" sizes=\"auto, (max-width: 150px) 100vw, 150px\" \/><\/a>\n\t\t\t<\/dt><\/dl><dl class='gallery-item'>\n\t\t\t<dt class='gallery-icon portrait'>\n\t\t\t\t<a href='https:\/\/senemyilmazel.av.tr\/wp-content\/uploads\/2024\/02\/7.jpg'><img loading=\"lazy\" decoding=\"async\" width=\"150\" height=\"150\" src=\"https:\/\/senemyilmazel.av.tr\/wp-content\/uploads\/2024\/02\/7-150x150.jpg\" class=\"attachment-thumbnail size-thumbnail\" alt=\"\" \/><\/a>\n\t\t\t<\/dt><\/dl><dl class='gallery-item'>\n\t\t\t<dt class='gallery-icon landscape'>\n\t\t\t\t<a href='https:\/\/senemyilmazel.av.tr\/wp-content\/uploads\/2024\/02\/8.jpg'><img loading=\"lazy\" decoding=\"async\" width=\"150\" height=\"150\" src=\"https:\/\/senemyilmazel.av.tr\/wp-content\/uploads\/2024\/02\/8-150x150.jpg\" class=\"attachment-thumbnail size-thumbnail\" alt=\"\" \/><\/a>\n\t\t\t<\/dt><\/dl><br style=\"clear: both\" \/><dl class='gallery-item'>\n\t\t\t<dt class='gallery-icon portrait'>\n\t\t\t\t<a href='https:\/\/senemyilmazel.av.tr\/wp-content\/uploads\/2024\/02\/9.jpg'><img loading=\"lazy\" decoding=\"async\" width=\"150\" height=\"150\" src=\"https:\/\/senemyilmazel.av.tr\/wp-content\/uploads\/2024\/02\/9-150x150.jpg\" class=\"attachment-thumbnail size-thumbnail\" alt=\"\" \/><\/a>\n\t\t\t<\/dt><\/dl><dl class='gallery-item'>\n\t\t\t<dt class='gallery-icon landscape'>\n\t\t\t\t<a href='https:\/\/senemyilmazel.av.tr\/wp-content\/uploads\/2024\/02\/9bb79a2c-8ab3-4c06-bab6-db58e729de84.jpg'><img loading=\"lazy\" decoding=\"async\" width=\"150\" height=\"150\" src=\"https:\/\/senemyilmazel.av.tr\/wp-content\/uploads\/2024\/02\/9bb79a2c-8ab3-4c06-bab6-db58e729de84-150x150.jpg\" class=\"attachment-thumbnail size-thumbnail\" alt=\"\" srcset=\"https:\/\/senemyilmazel.av.tr\/wp-content\/uploads\/2024\/02\/9bb79a2c-8ab3-4c06-bab6-db58e729de84-150x150.jpg 150w, https:\/\/senemyilmazel.av.tr\/wp-content\/uploads\/2024\/02\/9bb79a2c-8ab3-4c06-bab6-db58e729de84-300x300.jpg 300w, https:\/\/senemyilmazel.av.tr\/wp-content\/uploads\/2024\/02\/9bb79a2c-8ab3-4c06-bab6-db58e729de84-768x768.jpg 768w, https:\/\/senemyilmazel.av.tr\/wp-content\/uploads\/2024\/02\/9bb79a2c-8ab3-4c06-bab6-db58e729de84.jpg 868w\" sizes=\"auto, (max-width: 150px) 100vw, 150px\" \/><\/a>\n\t\t\t<\/dt><\/dl><dl class='gallery-item'>\n\t\t\t<dt class='gallery-icon portrait'>\n\t\t\t\t<a href='https:\/\/senemyilmazel.av.tr\/wp-content\/uploads\/2024\/02\/77a2fbe0-ba98-4afd-a44f-e9e609565e51.jpg'><img loading=\"lazy\" decoding=\"async\" width=\"150\" height=\"150\" src=\"https:\/\/senemyilmazel.av.tr\/wp-content\/uploads\/2024\/02\/77a2fbe0-ba98-4afd-a44f-e9e609565e51-150x150.jpg\" class=\"attachment-thumbnail size-thumbnail\" alt=\"\" \/><\/a>\n\t\t\t<\/dt><\/dl><dl class='gallery-item'>\n\t\t\t<dt class='gallery-icon portrait'>\n\t\t\t\t<a href='https:\/\/senemyilmazel.av.tr\/wp-content\/uploads\/2024\/02\/86c29779-e6c0-4bea-a3d9-be55b9418522.jpg'><img loading=\"lazy\" decoding=\"async\" width=\"150\" height=\"150\" src=\"https:\/\/senemyilmazel.av.tr\/wp-content\/uploads\/2024\/02\/86c29779-e6c0-4bea-a3d9-be55b9418522-150x150.jpg\" class=\"attachment-thumbnail size-thumbnail\" alt=\"\" \/><\/a>\n\t\t\t<\/dt><\/dl><br style=\"clear: both\" \/><dl class='gallery-item'>\n\t\t\t<dt class='gallery-icon landscape'>\n\t\t\t\t<a href='https:\/\/senemyilmazel.av.tr\/wp-content\/uploads\/2024\/02\/129a8374-6700-4b52-9bb8-4ce2ea386bd1.jpg'><img loading=\"lazy\" decoding=\"async\" width=\"150\" height=\"150\" src=\"https:\/\/senemyilmazel.av.tr\/wp-content\/uploads\/2024\/02\/129a8374-6700-4b52-9bb8-4ce2ea386bd1-150x150.jpg\" class=\"attachment-thumbnail size-thumbnail\" alt=\"\" \/><\/a>\n\t\t\t<\/dt><\/dl><dl class='gallery-item'>\n\t\t\t<dt class='gallery-icon landscape'>\n\t\t\t\t<a href='https:\/\/senemyilmazel.av.tr\/wp-content\/uploads\/2024\/02\/388c9a95-2637-46ae-9fe4-3e1d61055acb.jpg'><img loading=\"lazy\" decoding=\"async\" width=\"150\" height=\"150\" src=\"https:\/\/senemyilmazel.av.tr\/wp-content\/uploads\/2024\/02\/388c9a95-2637-46ae-9fe4-3e1d61055acb-150x150.jpg\" class=\"attachment-thumbnail size-thumbnail\" alt=\"\" srcset=\"https:\/\/senemyilmazel.av.tr\/wp-content\/uploads\/2024\/02\/388c9a95-2637-46ae-9fe4-3e1d61055acb-150x150.jpg 150w, https:\/\/senemyilmazel.av.tr\/wp-content\/uploads\/2024\/02\/388c9a95-2637-46ae-9fe4-3e1d61055acb-300x300.jpg 300w, https:\/\/senemyilmazel.av.tr\/wp-content\/uploads\/2024\/02\/388c9a95-2637-46ae-9fe4-3e1d61055acb-768x768.jpg 768w, https:\/\/senemyilmazel.av.tr\/wp-content\/uploads\/2024\/02\/388c9a95-2637-46ae-9fe4-3e1d61055acb.jpg 960w\" sizes=\"auto, (max-width: 150px) 100vw, 150px\" \/><\/a>\n\t\t\t<\/dt><\/dl><dl class='gallery-item'>\n\t\t\t<dt class='gallery-icon landscape'>\n\t\t\t\t<a href='https:\/\/senemyilmazel.av.tr\/wp-content\/uploads\/2024\/02\/6136e361-7c70-4488-ba08-0b68430302c9.jpg'><img loading=\"lazy\" decoding=\"async\" width=\"150\" height=\"150\" src=\"https:\/\/senemyilmazel.av.tr\/wp-content\/uploads\/2024\/02\/6136e361-7c70-4488-ba08-0b68430302c9-150x150.jpg\" class=\"attachment-thumbnail size-thumbnail\" alt=\"\" \/><\/a>\n\t\t\t<\/dt><\/dl><dl class='gallery-item'>\n\t\t\t<dt class='gallery-icon landscape'>\n\t\t\t\t<a href='https:\/\/senemyilmazel.av.tr\/wp-content\/uploads\/2024\/02\/78732dc9-c40a-4923-a283-8c0071677dda.jpg'><img loading=\"lazy\" decoding=\"async\" width=\"150\" height=\"150\" src=\"https:\/\/senemyilmazel.av.tr\/wp-content\/uploads\/2024\/02\/78732dc9-c40a-4923-a283-8c0071677dda-150x150.jpg\" class=\"attachment-thumbnail size-thumbnail\" alt=\"\" srcset=\"https:\/\/senemyilmazel.av.tr\/wp-content\/uploads\/2024\/02\/78732dc9-c40a-4923-a283-8c0071677dda-150x150.jpg 150w, https:\/\/senemyilmazel.av.tr\/wp-content\/uploads\/2024\/02\/78732dc9-c40a-4923-a283-8c0071677dda-300x300.jpg 300w, https:\/\/senemyilmazel.av.tr\/wp-content\/uploads\/2024\/02\/78732dc9-c40a-4923-a283-8c0071677dda-768x768.jpg 768w, https:\/\/senemyilmazel.av.tr\/wp-content\/uploads\/2024\/02\/78732dc9-c40a-4923-a283-8c0071677dda.jpg 852w\" sizes=\"auto, (max-width: 150px) 100vw, 150px\" \/><\/a>\n\t\t\t<\/dt><\/dl><br style=\"clear: both\" \/><dl class='gallery-item'>\n\t\t\t<dt class='gallery-icon landscape'>\n\t\t\t\t<a href='https:\/\/senemyilmazel.av.tr\/wp-content\/uploads\/2024\/02\/40660102-f0f7-479a-8fce-c8dc2eaf00b1.jpg'><img loading=\"lazy\" decoding=\"async\" width=\"150\" height=\"150\" src=\"https:\/\/senemyilmazel.av.tr\/wp-content\/uploads\/2024\/02\/40660102-f0f7-479a-8fce-c8dc2eaf00b1-150x150.jpg\" class=\"attachment-thumbnail size-thumbnail\" alt=\"\" \/><\/a>\n\t\t\t<\/dt><\/dl><dl class='gallery-item'>\n\t\t\t<dt class='gallery-icon portrait'>\n\t\t\t\t<a href='https:\/\/senemyilmazel.av.tr\/wp-content\/uploads\/2024\/02\/76228546-6335-4889-abf0-399c6f78ad23.jpg'><img loading=\"lazy\" decoding=\"async\" width=\"150\" height=\"150\" src=\"https:\/\/senemyilmazel.av.tr\/wp-content\/uploads\/2024\/02\/76228546-6335-4889-abf0-399c6f78ad23-150x150.jpg\" class=\"attachment-thumbnail size-thumbnail\" alt=\"\" \/><\/a>\n\t\t\t<\/dt><\/dl><dl class='gallery-item'>\n\t\t\t<dt class='gallery-icon landscape'>\n\t\t\t\t<a href='https:\/\/senemyilmazel.av.tr\/wp-content\/uploads\/2024\/02\/a34e4163-46f2-43c2-96f6-2be0abd7f3ea.jpg'><img loading=\"lazy\" decoding=\"async\" width=\"150\" height=\"150\" src=\"https:\/\/senemyilmazel.av.tr\/wp-content\/uploads\/2024\/02\/a34e4163-46f2-43c2-96f6-2be0abd7f3ea-150x150.jpg\" class=\"attachment-thumbnail size-thumbnail\" alt=\"\" \/><\/a>\n\t\t\t<\/dt><\/dl><dl class='gallery-item'>\n\t\t\t<dt class='gallery-icon landscape'>\n\t\t\t\t<a href='https:\/\/senemyilmazel.av.tr\/wp-content\/uploads\/2024\/02\/a322526d-1736-495c-a0c8-8e5ef3b7a9b2.jpg'><img loading=\"lazy\" decoding=\"async\" width=\"150\" height=\"150\" src=\"https:\/\/senemyilmazel.av.tr\/wp-content\/uploads\/2024\/02\/a322526d-1736-495c-a0c8-8e5ef3b7a9b2-150x150.jpg\" class=\"attachment-thumbnail size-thumbnail\" alt=\"\" srcset=\"https:\/\/senemyilmazel.av.tr\/wp-content\/uploads\/2024\/02\/a322526d-1736-495c-a0c8-8e5ef3b7a9b2-150x150.jpg 150w, https:\/\/senemyilmazel.av.tr\/wp-content\/uploads\/2024\/02\/a322526d-1736-495c-a0c8-8e5ef3b7a9b2-300x300.jpg 300w, https:\/\/senemyilmazel.av.tr\/wp-content\/uploads\/2024\/02\/a322526d-1736-495c-a0c8-8e5ef3b7a9b2-768x768.jpg 768w, https:\/\/senemyilmazel.av.tr\/wp-content\/uploads\/2024\/02\/a322526d-1736-495c-a0c8-8e5ef3b7a9b2.jpg 960w\" sizes=\"auto, (max-width: 150px) 100vw, 150px\" \/><\/a>\n\t\t\t<\/dt><\/dl><br style=\"clear: both\" \/><dl class='gallery-item'>\n\t\t\t<dt class='gallery-icon landscape'>\n\t\t\t\t<a href='https:\/\/senemyilmazel.av.tr\/wp-content\/uploads\/2024\/02\/af428d20-6f65-45b7-ab1e-215985f2034e.jpg'><img loading=\"lazy\" decoding=\"async\" width=\"150\" height=\"150\" src=\"https:\/\/senemyilmazel.av.tr\/wp-content\/uploads\/2024\/02\/af428d20-6f65-45b7-ab1e-215985f2034e-150x150.jpg\" class=\"attachment-thumbnail size-thumbnail\" alt=\"\" \/><\/a>\n\t\t\t<\/dt><\/dl><dl class='gallery-item'>\n\t\t\t<dt class='gallery-icon portrait'>\n\t\t\t\t<a href='https:\/\/senemyilmazel.av.tr\/wp-content\/uploads\/2024\/02\/005dc11d-b6e8-42c3-b67f-2cec482c40ec.jpg'><img loading=\"lazy\" decoding=\"async\" width=\"150\" height=\"150\" src=\"https:\/\/senemyilmazel.av.tr\/wp-content\/uploads\/2024\/02\/005dc11d-b6e8-42c3-b67f-2cec482c40ec-150x150.jpg\" class=\"attachment-thumbnail size-thumbnail\" alt=\"\" \/><\/a>\n\t\t\t<\/dt><\/dl><dl class='gallery-item'>\n\t\t\t<dt class='gallery-icon landscape'>\n\t\t\t\t<a href='https:\/\/senemyilmazel.av.tr\/wp-content\/uploads\/2024\/02\/5a604e5d-7b6a-400b-980f-503bcc6750a2.jpg'><img loading=\"lazy\" decoding=\"async\" width=\"150\" height=\"150\" src=\"https:\/\/senemyilmazel.av.tr\/wp-content\/uploads\/2024\/02\/5a604e5d-7b6a-400b-980f-503bcc6750a2-150x150.jpg\" class=\"attachment-thumbnail size-thumbnail\" alt=\"\" \/><\/a>\n\t\t\t<\/dt><\/dl><dl class='gallery-item'>\n\t\t\t<dt class='gallery-icon portrait'>\n\t\t\t\t<a href='https:\/\/senemyilmazel.av.tr\/wp-content\/uploads\/2024\/02\/avukat-senem-yilmaz-kitap.jpeg'><img loading=\"lazy\" decoding=\"async\" width=\"150\" height=\"150\" src=\"https:\/\/senemyilmazel.av.tr\/wp-content\/uploads\/2024\/02\/avukat-senem-yilmaz-kitap-150x150.jpeg\" class=\"attachment-thumbnail size-thumbnail\" alt=\"\" \/><\/a>\n\t\t\t<\/dt><\/dl><br style=\"clear: both\" \/><dl class='gallery-item'>\n\t\t\t<dt class='gallery-icon landscape'>\n\t\t\t\t<a href='https:\/\/senemyilmazel.av.tr\/wp-content\/uploads\/2024\/02\/b590d07c-6844-45c3-b961-779ccf6cd6be.jpg'><img loading=\"lazy\" decoding=\"async\" width=\"150\" height=\"150\" src=\"https:\/\/senemyilmazel.av.tr\/wp-content\/uploads\/2024\/02\/b590d07c-6844-45c3-b961-779ccf6cd6be-150x150.jpg\" class=\"attachment-thumbnail size-thumbnail\" alt=\"\" srcset=\"https:\/\/senemyilmazel.av.tr\/wp-content\/uploads\/2024\/02\/b590d07c-6844-45c3-b961-779ccf6cd6be-150x150.jpg 150w, https:\/\/senemyilmazel.av.tr\/wp-content\/uploads\/2024\/02\/b590d07c-6844-45c3-b961-779ccf6cd6be-300x300.jpg 300w, https:\/\/senemyilmazel.av.tr\/wp-content\/uploads\/2024\/02\/b590d07c-6844-45c3-b961-779ccf6cd6be-768x768.jpg 768w, https:\/\/senemyilmazel.av.tr\/wp-content\/uploads\/2024\/02\/b590d07c-6844-45c3-b961-779ccf6cd6be.jpg 960w\" sizes=\"auto, (max-width: 150px) 100vw, 150px\" \/><\/a>\n\t\t\t<\/dt><\/dl><dl class='gallery-item'>\n\t\t\t<dt class='gallery-icon landscape'>\n\t\t\t\t<a href='https:\/\/senemyilmazel.av.tr\/wp-content\/uploads\/2024\/02\/c71af97f-119e-49eb-9d8f-b5ae18eb47fb.jpg'><img loading=\"lazy\" decoding=\"async\" width=\"150\" height=\"150\" src=\"https:\/\/senemyilmazel.av.tr\/wp-content\/uploads\/2024\/02\/c71af97f-119e-49eb-9d8f-b5ae18eb47fb-150x150.jpg\" class=\"attachment-thumbnail size-thumbnail\" alt=\"\" \/><\/a>\n\t\t\t<\/dt><\/dl><dl class='gallery-item'>\n\t\t\t<dt class='gallery-icon landscape'>\n\t\t\t\t<a href='https:\/\/senemyilmazel.av.tr\/wp-content\/uploads\/2024\/02\/d73cb4dc-b36c-4191-8261-40b346f47ceb.jpg'><img loading=\"lazy\" decoding=\"async\" width=\"150\" height=\"150\" src=\"https:\/\/senemyilmazel.av.tr\/wp-content\/uploads\/2024\/02\/d73cb4dc-b36c-4191-8261-40b346f47ceb-150x150.jpg\" class=\"attachment-thumbnail size-thumbnail\" alt=\"\" \/><\/a>\n\t\t\t<\/dt><\/dl><dl class='gallery-item'>\n\t\t\t<dt class='gallery-icon landscape'>\n\t\t\t\t<a href='https:\/\/senemyilmazel.av.tr\/wp-content\/uploads\/2024\/02\/f4e55e20-6dba-450d-933c-25473dbcc3a8.jpg'><img loading=\"lazy\" decoding=\"async\" width=\"150\" height=\"150\" src=\"https:\/\/senemyilmazel.av.tr\/wp-content\/uploads\/2024\/02\/f4e55e20-6dba-450d-933c-25473dbcc3a8-150x150.jpg\" class=\"attachment-thumbnail size-thumbnail\" alt=\"\" \/><\/a>\n\t\t\t<\/dt><\/dl><br style=\"clear: both\" \/><dl class='gallery-item'>\n\t\t\t<dt class='gallery-icon landscape'>\n\t\t\t\t<a href='https:\/\/senemyilmazel.av.tr\/wp-content\/uploads\/2024\/02\/2fcb3c64-1e9b-4806-adf7-0b9c6f091227.jpg'><img loading=\"lazy\" decoding=\"async\" width=\"150\" height=\"150\" src=\"https:\/\/senemyilmazel.av.tr\/wp-content\/uploads\/2024\/02\/2fcb3c64-1e9b-4806-adf7-0b9c6f091227-150x150.jpg\" class=\"attachment-thumbnail size-thumbnail\" alt=\"\" srcset=\"https:\/\/senemyilmazel.av.tr\/wp-content\/uploads\/2024\/02\/2fcb3c64-1e9b-4806-adf7-0b9c6f091227-150x150.jpg 150w, https:\/\/senemyilmazel.av.tr\/wp-content\/uploads\/2024\/02\/2fcb3c64-1e9b-4806-adf7-0b9c6f091227-300x300.jpg 300w, https:\/\/senemyilmazel.av.tr\/wp-content\/uploads\/2024\/02\/2fcb3c64-1e9b-4806-adf7-0b9c6f091227-1024x1024.jpg 1024w, https:\/\/senemyilmazel.av.tr\/wp-content\/uploads\/2024\/02\/2fcb3c64-1e9b-4806-adf7-0b9c6f091227-768x768.jpg 768w, https:\/\/senemyilmazel.av.tr\/wp-content\/uploads\/2024\/02\/2fcb3c64-1e9b-4806-adf7-0b9c6f091227.jpg 1126w\" sizes=\"auto, (max-width: 150px) 100vw, 150px\" \/><\/a>\n\t\t\t<\/dt><\/dl><dl class='gallery-item'>\n\t\t\t<dt class='gallery-icon landscape'>\n\t\t\t\t<a href='https:\/\/senemyilmazel.av.tr\/wp-content\/uploads\/2025\/01\/Ekran-Resmi-2025-01-09-14.40.34.jpg'><img loading=\"lazy\" decoding=\"async\" width=\"150\" height=\"150\" src=\"https:\/\/senemyilmazel.av.tr\/wp-content\/uploads\/2025\/01\/Ekran-Resmi-2025-01-09-14.40.34-150x150.jpg\" class=\"attachment-thumbnail size-thumbnail\" alt=\"T\u00fcrkiye&#039;de emsal karar! Sigara \u015firketi, sigaradan \u00f6len ki\u015finin ailesine 500 bin TL manevi tazminat \u00f6deyecek\" aria-describedby=\"gallery-1-673\" \/><\/a>\n\t\t\t<\/dt>\n\t\t\t\t<dd class='wp-caption-text gallery-caption' id='gallery-1-673'>\n\t\t\t\tT\u00fcrkiye&#8217;de emsal karar! Sigara \u015firketi, sigaradan \u00f6len ki\u015finin ailesine 500 bin TL manevi tazminat \u00f6deyecek\n\t\t\t\t<\/dd><\/dl>\n\t\t\t<br style='clear: both' \/>\n\t\t<\/div>\n\n","protected":false},"excerpt":{"rendered":"","protected":false},"author":1,"featured_media":0,"parent":306,"menu_order":0,"comment_status":"closed","ping_status":"closed","template":"","meta":{"footnotes":"","_links_to":"","_links_to_target":""},"class_list":["post-685","page","type-page","status-publish","hentry"],"aioseo_notices":[],"_links":{"self":[{"href":"https:\/\/senemyilmazel.av.tr\/en\/wp-json\/wp\/v2\/pages\/685","targetHints":{"allow":["GET"]}}],"collection":[{"href":"https:\/\/senemyilmazel.av.tr\/en\/wp-json\/wp\/v2\/pages"}],"about":[{"href":"https:\/\/senemyilmazel.av.tr\/en\/wp-json\/wp\/v2\/types\/page"}],"author":[{"embeddable":true,"href":"https:\/\/senemyilmazel.av.tr\/en\/wp-json\/wp\/v2\/users\/1"}],"replies":[{"embeddable":true,"href":"https:\/\/senemyilmazel.av.tr\/en\/wp-json\/wp\/v2\/comments?post=685"}],"version-history":[{"count":2,"href":"https:\/\/senemyilmazel.av.tr\/en\/wp-json\/wp\/v2\/pages\/685\/revisions"}],"predecessor-version":[{"id":690,"href":"https:\/\/senemyilmazel.av.tr\/en\/wp-json\/wp\/v2\/pages\/685\/revisions\/690"}],"up":[{"embeddable":true,"href":"https:\/\/senemyilmazel.av.tr\/en\/wp-json\/wp\/v2\/pages\/306"}],"wp:attachment":[{"href":"https:\/\/senemyilmazel.av.tr\/en\/wp-json\/wp\/v2\/media?parent=685"}],"curies":[{"name":"wp","href":"https:\/\/api.w.org\/{rel}","templated":true}]}}